{"id":183,"date":"2022-10-05T10:48:20","date_gmt":"2022-10-05T08:48:20","guid":{"rendered":"https:\/\/www.hotel-des-quatrans.com\/?page_id=183"},"modified":"2023-07-16T19:43:44","modified_gmt":"2023-07-16T17:43:44","slug":"hotel-near-caen","status":"publish","type":"page","link":"https:\/\/www.hotel-des-quatrans.com\/en\/hotel-proche-caen\/","title":{"rendered":"Hotel Near Caen"},"content":{"rendered":"<div data-elementor-type=\"wp-page\" data-elementor-id=\"183\" class=\"elementor elementor-183\" data-elementor-post-type=\"page\">\n\t\t\t\t\t\t<section class=\"elementor-section elementor-top-section elementor-element elementor-element-294123b elementor-section-height-min-height elementor-section-items-stretch elementor-section-full_width elementor-section-height-default\" data-id=\"294123b\" data-element_type=\"section\" data-e-type=\"section\" data-settings=\"{&quot;background_background&quot;:&quot;classic&quot;}\">\n\t\t\t\t\t\t\t<div class=\"elementor-background-overlay\"><\/div>\n\t\t\t\t\t\t\t<div class=\"elementor-container elementor-column-gap-default\">\n\t\t\t\t\t<div class=\"elementor-column elementor-col-100 elementor-top-column elementor-element elementor-element-e2e1b3b\" data-id=\"e2e1b3b\" data-element_type=\"column\" data-e-type=\"column\" data-settings=\"{&quot;background_background&quot;:&quot;classic&quot;}\">\n\t\t\t<div class=\"elementor-widget-wrap elementor-element-populated\">\n\t\t\t\t\t\t<div class=\"elementor-element elementor-element-453b751 elementor-widget__width-initial elementor-widget elementor-widget-heading\" data-id=\"453b751\" data-element_type=\"widget\" data-e-type=\"widget\" data-widget_type=\"heading.default\">\n\t\t\t\t<div class=\"elementor-widget-container\">\n\t\t\t\t\t<h1 class=\"elementor-heading-title elementor-size-default\">Groups welcome<\/h1>\t\t\t\t<\/div>\n\t\t\t\t<\/div>\n\t\t\t\t<div class=\"elementor-element elementor-element-f8136d8 elementor-absolute elementor-view-default elementor-widget elementor-widget-icon\" data-id=\"f8136d8\" data-element_type=\"widget\" data-e-type=\"widget\" data-settings=\"{&quot;_position&quot;:&quot;absolute&quot;}\" data-widget_type=\"icon.default\">\n\t\t\t\t<div class=\"elementor-widget-container\">\n\t\t\t\t\t\t\t<div class=\"elementor-icon-wrapper\">\n\t\t\t<a class=\"elementor-icon\" href=\"#next\">\n\t\t\t<svg xmlns=\"http:\/\/www.w3.org\/2000\/svg\" id=\"Composant_20_1\" data-name=\"Composant 20 &#x2013; 1\" width=\"30\" height=\"30\" viewbox=\"0 0 30 30\"><rect id=\"Rectangle_665\" data-name=\"Rectangle 665\" width=\"28\" height=\"28\" rx=\"3\" transform=\"translate(1 1)\" fill=\"#383838\" opacity=\"0.405\" style=\"mix-blend-mode: multiply;isolation: isolate\"><\/rect><g id=\"Case_:_Validation\" data-name=\"Case : Validation\"><g id=\"Rectangle_660\" data-name=\"Rectangle 660\" fill=\"none\" stroke=\"#fff\" stroke-width=\"1\"><rect width=\"30\" height=\"30\" rx=\"4\" stroke=\"none\"><\/rect><rect x=\"0.5\" y=\"0.5\" width=\"29\" height=\"29\" rx=\"3.5\" fill=\"none\"><\/rect><\/g><\/g><g id=\"Fleche_:_Bas\" data-name=\"Fleche : Bas\" transform=\"translate(7 7)\"><path id=\"Trac&#xE9;_10\" data-name=\"Trac&#xE9; 10\" d=\"M8,0,6.545,1.455l5.506,5.506H0V9.039H12.052L6.545,14.545,8,16l8-8Z\" transform=\"translate(16) rotate(90)\" fill=\"#fff\"><\/path><\/g><\/svg>\t\t\t<\/a>\n\t\t<\/div>\n\t\t\t\t\t\t<\/div>\n\t\t\t\t<\/div>\n\t\t\t\t\t<\/div>\n\t\t<\/div>\n\t\t\t\t\t<\/div>\n\t\t<\/section>\n\t\t\t\t<section class=\"elementor-section elementor-top-section elementor-element elementor-element-6ff447c elementor-section-full_width elementor-section-height-min-height elementor-section-items-stretch elementor-section-height-default\" data-id=\"6ff447c\" data-element_type=\"section\" data-e-type=\"section\" data-settings=\"{&quot;background_background&quot;:&quot;gradient&quot;}\">\n\t\t\t\t\t\t\t<div class=\"elementor-background-overlay\"><\/div>\n\t\t\t\t\t\t\t<div class=\"elementor-container elementor-column-gap-default\">\n\t\t\t\t\t<div class=\"elementor-column elementor-col-100 elementor-top-column elementor-element elementor-element-5964065\" data-id=\"5964065\" data-element_type=\"column\" data-e-type=\"column\" data-settings=\"{&quot;background_background&quot;:&quot;classic&quot;}\">\n\t\t\t<div class=\"elementor-widget-wrap elementor-element-populated\">\n\t\t\t\t\t\t<div class=\"elementor-element elementor-element-3b21b83 elementor-widget elementor-widget-image\" data-id=\"3b21b83\" data-element_type=\"widget\" data-e-type=\"widget\" data-widget_type=\"image.default\">\n\t\t\t\t<div class=\"elementor-widget-container\">\n\t\t\t\t\t\t\t\t\t\t\t\t\t\t\t<img decoding=\"async\" width=\"63\" height=\"13\" src=\"https:\/\/www.hotel-des-quatrans.com\/wp-content\/uploads\/2022\/10\/icon-small-white.svg\" class=\"attachment-full size-full wp-image-250\" alt=\"\" title=\"Photo -\">\t\t\t\t\t\t\t\t\t\t\t\t\t\t\t<\/div>\n\t\t\t\t<\/div>\n\t\t\t\t<div class=\"elementor-element elementor-element-5984f96 elementor-widget elementor-widget-menu-anchor\" data-id=\"5984f96\" data-element_type=\"widget\" data-e-type=\"widget\" data-widget_type=\"menu-anchor.default\">\n\t\t\t\t<div class=\"elementor-widget-container\">\n\t\t\t\t\t\t\t<div class=\"elementor-menu-anchor\" id=\"next\"><\/div>\n\t\t\t\t\t\t<\/div>\n\t\t\t\t<\/div>\n\t\t\t\t\t<\/div>\n\t\t<\/div>\n\t\t\t\t\t<\/div>\n\t\t<\/section>\n\t\t\t\t<section class=\"elementor-section elementor-top-section elementor-element elementor-element-0a90bb5 elementor-section-full_width elementor-reverse-mobile elementor-section-height-default elementor-section-height-default\" data-id=\"0a90bb5\" data-element_type=\"section\" data-e-type=\"section\" data-settings=\"{&quot;background_background&quot;:&quot;classic&quot;}\">\n\t\t\t\t\t\t<div class=\"elementor-container elementor-column-gap-default\">\n\t\t\t\t\t<div class=\"elementor-column elementor-col-50 elementor-top-column elementor-element elementor-element-f66ae0d\" data-id=\"f66ae0d\" data-element_type=\"column\" data-e-type=\"column\">\n\t\t\t<div class=\"elementor-widget-wrap elementor-element-populated\">\n\t\t\t\t\t\t<section class=\"elementor-section elementor-inner-section elementor-element elementor-element-86a20fe swiper-groupes elementor-section-boxed elementor-section-height-default elementor-section-height-default\" data-id=\"86a20fe\" data-element_type=\"section\" data-e-type=\"section\">\n\t\t\t\t\t\t<div class=\"elementor-container elementor-column-gap-default\">\n\t\t\t\t\t<div class=\"elementor-column elementor-col-100 elementor-inner-column elementor-element elementor-element-df1aa15 col-swiper\" data-id=\"df1aa15\" data-element_type=\"column\" data-e-type=\"column\" data-settings=\"{&quot;background_background&quot;:&quot;classic&quot;}\">\n\t\t\t<div class=\"elementor-widget-wrap elementor-element-populated\">\n\t\t\t\t\t\t<div class=\"elementor-element elementor-element-b15ca63 elementor-widget__width-auto elementor-widget elementor-widget-image\" data-id=\"b15ca63\" data-element_type=\"widget\" data-e-type=\"widget\" data-widget_type=\"image.default\">\n\t\t\t\t<div class=\"elementor-widget-container\">\n\t\t\t\t\t\t\t\t\t\t\t\t\t\t\t<img fetchpriority=\"high\" decoding=\"async\" width=\"682\" height=\"1024\" src=\"https:\/\/www.hotel-des-quatrans.com\/wp-content\/uploads\/2022\/12\/E25-682x1024.jpg\" class=\"attachment-large size-large wp-image-3608\" alt=\"\" srcset=\"https:\/\/www.hotel-des-quatrans.com\/wp-content\/uploads\/2022\/12\/E25-682x1024.jpg 682w, https:\/\/www.hotel-des-quatrans.com\/wp-content\/uploads\/2022\/12\/E25-200x300.jpg 200w, https:\/\/www.hotel-des-quatrans.com\/wp-content\/uploads\/2022\/12\/E25-768x1152.jpg 768w, https:\/\/www.hotel-des-quatrans.com\/wp-content\/uploads\/2022\/12\/E25-1024x1536.jpg 1024w, https:\/\/www.hotel-des-quatrans.com\/wp-content\/uploads\/2022\/12\/E25-8x12.jpg 8w, https:\/\/www.hotel-des-quatrans.com\/wp-content\/uploads\/2022\/12\/E25.jpg 1181w\" sizes=\"(max-width: 682px) 100vw, 682px\" title=\"Photo -\">\t\t\t\t\t\t\t\t\t\t\t\t\t\t\t<\/div>\n\t\t\t\t<\/div>\n\t\t\t\t<div class=\"elementor-element elementor-element-93339fc elementor-widget__width-auto elementor-widget elementor-widget-image\" data-id=\"93339fc\" data-element_type=\"widget\" data-e-type=\"widget\" data-widget_type=\"image.default\">\n\t\t\t\t<div class=\"elementor-widget-container\">\n\t\t\t\t\t\t\t\t\t\t\t\t\t\t\t<img decoding=\"async\" width=\"800\" height=\"598\" src=\"https:\/\/www.hotel-des-quatrans.com\/wp-content\/uploads\/2022\/12\/iStock-1098041816-1024x765.jpg\" class=\"attachment-large size-large wp-image-3645\" alt=\"\" srcset=\"https:\/\/www.hotel-des-quatrans.com\/wp-content\/uploads\/2022\/12\/iStock-1098041816-1024x765.jpg 1024w, https:\/\/www.hotel-des-quatrans.com\/wp-content\/uploads\/2022\/12\/iStock-1098041816-300x224.jpg 300w, https:\/\/www.hotel-des-quatrans.com\/wp-content\/uploads\/2022\/12\/iStock-1098041816-768x574.jpg 768w, https:\/\/www.hotel-des-quatrans.com\/wp-content\/uploads\/2022\/12\/iStock-1098041816-16x12.jpg 16w, https:\/\/www.hotel-des-quatrans.com\/wp-content\/uploads\/2022\/12\/iStock-1098041816.jpg 1185w\" sizes=\"(max-width: 800px) 100vw, 800px\" title=\"Photo -\">\t\t\t\t\t\t\t\t\t\t\t\t\t\t\t<\/div>\n\t\t\t\t<\/div>\n\t\t\t\t<div class=\"elementor-element elementor-element-6a8a967 elementor-widget__width-auto elementor-widget elementor-widget-image\" data-id=\"6a8a967\" data-element_type=\"widget\" data-e-type=\"widget\" data-widget_type=\"image.default\">\n\t\t\t\t<div class=\"elementor-widget-container\">\n\t\t\t\t\t\t\t\t\t\t\t\t\t\t\t<img loading=\"lazy\" decoding=\"async\" width=\"682\" height=\"1024\" src=\"https:\/\/www.hotel-des-quatrans.com\/wp-content\/uploads\/2022\/12\/E35-682x1024.jpg\" class=\"attachment-large size-large wp-image-3537\" alt=\"\" srcset=\"https:\/\/www.hotel-des-quatrans.com\/wp-content\/uploads\/2022\/12\/E35-682x1024.jpg 682w, https:\/\/www.hotel-des-quatrans.com\/wp-content\/uploads\/2022\/12\/E35-200x300.jpg 200w, https:\/\/www.hotel-des-quatrans.com\/wp-content\/uploads\/2022\/12\/E35-768x1153.jpg 768w, https:\/\/www.hotel-des-quatrans.com\/wp-content\/uploads\/2022\/12\/E35-1023x1536.jpg 1023w, https:\/\/www.hotel-des-quatrans.com\/wp-content\/uploads\/2022\/12\/E35-8x12.jpg 8w, https:\/\/www.hotel-des-quatrans.com\/wp-content\/uploads\/2022\/12\/E35.jpg 1311w\" sizes=\"(max-width: 682px) 100vw, 682px\" title=\"Photo -\">\t\t\t\t\t\t\t\t\t\t\t\t\t\t\t<\/div>\n\t\t\t\t<\/div>\n\t\t\t\t<div class=\"elementor-element elementor-element-df9cfb6 elementor-widget__width-auto elementor-widget elementor-widget-image\" data-id=\"df9cfb6\" data-element_type=\"widget\" data-e-type=\"widget\" data-widget_type=\"image.default\">\n\t\t\t\t<div class=\"elementor-widget-container\">\n\t\t\t\t\t\t\t\t\t\t\t\t\t\t\t<img loading=\"lazy\" decoding=\"async\" width=\"1257\" height=\"835\" src=\"https:\/\/www.hotel-des-quatrans.com\/wp-content\/uploads\/2022\/12\/iStock-503671729.jpg\" class=\"attachment-full size-full wp-image-3633\" alt=\"\" srcset=\"https:\/\/www.hotel-des-quatrans.com\/wp-content\/uploads\/2022\/12\/iStock-503671729.jpg 1257w, https:\/\/www.hotel-des-quatrans.com\/wp-content\/uploads\/2022\/12\/iStock-503671729-300x199.jpg 300w, https:\/\/www.hotel-des-quatrans.com\/wp-content\/uploads\/2022\/12\/iStock-503671729-1024x680.jpg 1024w, https:\/\/www.hotel-des-quatrans.com\/wp-content\/uploads\/2022\/12\/iStock-503671729-768x510.jpg 768w, https:\/\/www.hotel-des-quatrans.com\/wp-content\/uploads\/2022\/12\/iStock-503671729-18x12.jpg 18w\" sizes=\"(max-width: 1257px) 100vw, 1257px\" title=\"Photo -\">\t\t\t\t\t\t\t\t\t\t\t\t\t\t\t<\/div>\n\t\t\t\t<\/div>\n\t\t\t\t\t<\/div>\n\t\t<\/div>\n\t\t\t\t\t<\/div>\n\t\t<\/section>\n\t\t\t\t\t<\/div>\n\t\t<\/div>\n\t\t\t\t<div class=\"elementor-column elementor-col-50 elementor-top-column elementor-element elementor-element-2345cab\" data-id=\"2345cab\" data-element_type=\"column\" data-e-type=\"column\">\n\t\t\t<div class=\"elementor-widget-wrap elementor-element-populated\">\n\t\t\t\t\t\t<div class=\"elementor-element elementor-element-f2c7db6 liseret-blanc elementor-widget elementor-widget-image\" data-id=\"f2c7db6\" data-element_type=\"widget\" data-e-type=\"widget\" data-widget_type=\"image.default\">\n\t\t\t\t<div class=\"elementor-widget-container\">\n\t\t\t\t\t\t\t\t\t\t\t\t\t\t\t<img loading=\"lazy\" decoding=\"async\" width=\"800\" height=\"14\" src=\"https:\/\/www.hotel-des-quatrans.com\/wp-content\/uploads\/2022\/10\/liseret-blanc.svg\" class=\"attachment-large size-large wp-image-253\" alt=\"\" title=\"Photo -\">\t\t\t\t\t\t\t\t\t\t\t\t\t\t\t<\/div>\n\t\t\t\t<\/div>\n\t\t\t\t<section class=\"elementor-section elementor-inner-section elementor-element elementor-element-e78e2e8 elementor-section-full_width elementor-section-height-default elementor-section-height-default\" data-id=\"e78e2e8\" data-element_type=\"section\" data-e-type=\"section\">\n\t\t\t\t\t\t<div class=\"elementor-container elementor-column-gap-wide\">\n\t\t\t\t\t<div class=\"elementor-column elementor-col-100 elementor-inner-column elementor-element elementor-element-53cde61\" data-id=\"53cde61\" data-element_type=\"column\" data-e-type=\"column\" data-settings=\"{&quot;background_background&quot;:&quot;classic&quot;}\">\n\t\t\t<div class=\"elementor-widget-wrap elementor-element-populated\">\n\t\t\t\t\t\t<div class=\"elementor-element elementor-element-8cb7969 titre2lignes bicolor elementor-widget elementor-widget-heading\" data-id=\"8cb7969\" data-element_type=\"widget\" data-e-type=\"widget\" data-widget_type=\"heading.default\">\n\t\t\t\t<div class=\"elementor-widget-container\">\n\t\t\t\t\t<h2 class=\"elementor-heading-title elementor-size-default\">GROUPS AND SERVICES<\/h2>\t\t\t\t<\/div>\n\t\t\t\t<\/div>\n\t\t\t\t<div class=\"elementor-element elementor-element-f5576a5 elementor-widget elementor-widget-heading\" data-id=\"f5576a5\" data-element_type=\"widget\" data-e-type=\"widget\" data-widget_type=\"heading.default\">\n\t\t\t\t<div class=\"elementor-widget-container\">\n\t\t\t\t\t<h3 class=\"elementor-heading-title elementor-size-default\">Hotel des Quatrans<\/h3>\t\t\t\t<\/div>\n\t\t\t\t<\/div>\n\t\t\t\t<div class=\"elementor-element elementor-element-f0e6d24 elementor-widget elementor-widget-text-editor\" data-id=\"f0e6d24\" data-element_type=\"widget\" data-e-type=\"widget\" data-settings=\"{&quot;_animation_mobile&quot;:&quot;none&quot;}\" data-widget_type=\"text-editor.default\">\n\t\t\t\t<div class=\"elementor-widget-container\">\n\t\t\t\t\t\t\t\t\t<p>If you are a group exploring the Normandy region, our hotel near Caen is the ideal place to stay. It offers the comfort and services you need: coach parking in front of the hotel, car park nearby, 24-hour reception, lift, 47 rooms, buffet breakfast, bar and quality catering for half-board packages.<\/p>\t\t\t\t\t\t\t\t<\/div>\n\t\t\t\t<\/div>\n\t\t\t\t<div class=\"elementor-element elementor-element-9adf620 elementor-mobile-align-center elementor-widget elementor-widget-button\" data-id=\"9adf620\" data-element_type=\"widget\" data-e-type=\"widget\" data-widget_type=\"button.default\">\n\t\t\t\t<div class=\"elementor-widget-container\">\n\t\t\t\t\t\t\t\t\t<div class=\"elementor-button-wrapper\">\n\t\t\t\t\t<a class=\"elementor-button elementor-button-link elementor-size-sm\" href=\"https:\/\/www.hotel-des-quatrans.com\/en\/acces-et-contact\/\">\n\t\t\t\t\t\t<span class=\"elementor-button-content-wrapper\">\n\t\t\t\t\t\t\t\t\t<span class=\"elementor-button-text\">Contact us<\/span>\n\t\t\t\t\t<\/span>\n\t\t\t\t\t<\/a>\n\t\t\t\t<\/div>\n\t\t\t\t\t\t\t\t<\/div>\n\t\t\t\t<\/div>\n\t\t\t\t\t<\/div>\n\t\t<\/div>\n\t\t\t\t\t<\/div>\n\t\t<\/section>\n\t\t\t\t<div class=\"elementor-element elementor-element-0fd294d liseret-blanc elementor-widget elementor-widget-image\" data-id=\"0fd294d\" data-element_type=\"widget\" data-e-type=\"widget\" data-widget_type=\"image.default\">\n\t\t\t\t<div class=\"elementor-widget-container\">\n\t\t\t\t\t\t\t\t\t\t\t\t\t\t\t<img loading=\"lazy\" decoding=\"async\" width=\"800\" height=\"14\" src=\"https:\/\/www.hotel-des-quatrans.com\/wp-content\/uploads\/2022\/10\/liseret-blanc.svg\" class=\"attachment-large size-large wp-image-253\" alt=\"\" title=\"Photo -\">\t\t\t\t\t\t\t\t\t\t\t\t\t\t\t<\/div>\n\t\t\t\t<\/div>\n\t\t\t\t\t<\/div>\n\t\t<\/div>\n\t\t\t\t\t<\/div>\n\t\t<\/section>\n\t\t\t\t<section class=\"elementor-section elementor-top-section elementor-element elementor-element-4ad1116 elementor-section-full_width elementor-section-height-min-height elementor-section-items-stretch elementor-section-height-default\" data-id=\"4ad1116\" data-element_type=\"section\" data-e-type=\"section\" data-settings=\"{&quot;background_background&quot;:&quot;classic&quot;}\">\n\t\t\t\t\t\t\t<div class=\"elementor-background-overlay\"><\/div>\n\t\t\t\t\t\t\t<div class=\"elementor-container elementor-column-gap-default\">\n\t\t\t\t\t<div class=\"elementor-column elementor-col-50 elementor-top-column elementor-element elementor-element-c8b3cef\" data-id=\"c8b3cef\" data-element_type=\"column\" data-e-type=\"column\">\n\t\t\t<div class=\"elementor-widget-wrap elementor-element-populated\">\n\t\t\t\t\t\t<div class=\"elementor-element elementor-element-70eed06 titre2lignes bicolor elementor-widget elementor-widget-heading\" data-id=\"70eed06\" data-element_type=\"widget\" data-e-type=\"widget\" data-widget_type=\"heading.default\">\n\t\t\t\t<div class=\"elementor-widget-container\">\n\t\t\t\t\t<h2 class=\"elementor-heading-title elementor-size-default\">The bar<\/h2>\t\t\t\t<\/div>\n\t\t\t\t<\/div>\n\t\t\t\t<div class=\"elementor-element elementor-element-bbc10e0 elementor-widget elementor-widget-heading\" data-id=\"bbc10e0\" data-element_type=\"widget\" data-e-type=\"widget\" data-widget_type=\"heading.default\">\n\t\t\t\t<div class=\"elementor-widget-container\">\n\t\t\t\t\t<h3 class=\"elementor-heading-title elementor-size-default\">Hotel des Quatrans<\/h3>\t\t\t\t<\/div>\n\t\t\t\t<\/div>\n\t\t\t\t<div class=\"elementor-element elementor-element-d56c903 elementor-widget elementor-widget-text-editor\" data-id=\"d56c903\" data-element_type=\"widget\" data-e-type=\"widget\" data-settings=\"{&quot;_animation_mobile&quot;:&quot;none&quot;}\" data-widget_type=\"text-editor.default\">\n\t\t\t\t<div class=\"elementor-widget-container\">\n\t\t\t\t\t\t\t\t\t<p>Looking for a relaxing break in a cosy setting after a good day's visit? Come and discover our fine selection of wines, cocktails with or without alcohol, classic aperitifs, champagnes and beers.<\/p>\t\t\t\t\t\t\t\t<\/div>\n\t\t\t\t<\/div>\n\t\t\t\t\t<\/div>\n\t\t<\/div>\n\t\t\t\t<div class=\"elementor-column elementor-col-50 elementor-top-column elementor-element elementor-element-5dc8932\" data-id=\"5dc8932\" data-element_type=\"column\" data-e-type=\"column\">\n\t\t\t<div class=\"elementor-widget-wrap elementor-element-populated\">\n\t\t\t\t\t\t<div class=\"elementor-element elementor-element-3e7a965 elementor-widget elementor-widget-image\" data-id=\"3e7a965\" data-element_type=\"widget\" data-e-type=\"widget\" data-widget_type=\"image.default\">\n\t\t\t\t<div class=\"elementor-widget-container\">\n\t\t\t\t\t\t\t\t\t\t\t\t\t\t\t<img loading=\"lazy\" decoding=\"async\" width=\"800\" height=\"509\" src=\"https:\/\/www.hotel-des-quatrans.com\/wp-content\/uploads\/2023\/07\/DSC_6402-1024x652.jpg\" class=\"attachment-large size-large wp-image-4240\" alt=\"\" srcset=\"https:\/\/www.hotel-des-quatrans.com\/wp-content\/uploads\/2023\/07\/DSC_6402-1024x652.jpg 1024w, https:\/\/www.hotel-des-quatrans.com\/wp-content\/uploads\/2023\/07\/DSC_6402-300x191.jpg 300w, https:\/\/www.hotel-des-quatrans.com\/wp-content\/uploads\/2023\/07\/DSC_6402-768x489.jpg 768w, https:\/\/www.hotel-des-quatrans.com\/wp-content\/uploads\/2023\/07\/DSC_6402-1536x977.jpg 1536w, https:\/\/www.hotel-des-quatrans.com\/wp-content\/uploads\/2023\/07\/DSC_6402-2048x1303.jpg 2048w, https:\/\/www.hotel-des-quatrans.com\/wp-content\/uploads\/2023\/07\/DSC_6402-18x12.jpg 18w\" sizes=\"(max-width: 800px) 100vw, 800px\" title=\"Photo -\">\t\t\t\t\t\t\t\t\t\t\t\t\t\t\t<\/div>\n\t\t\t\t<\/div>\n\t\t\t\t\t<\/div>\n\t\t<\/div>\n\t\t\t\t\t<\/div>\n\t\t<\/section>\n\t\t\t\t<\/div>","protected":false},"excerpt":{"rendered":"<p>Accueil groupes GROUPES ET PRESTATIONS H\u00f4tel des Quatrans Pour partir en groupe \u00e0 la d\u00e9couverte de la r\u00e9gion normande, notre h\u00f4tel proche de Caen est le lieu d\u2019accueil id\u00e9al pour votre s\u00e9jour. Il offre le confort et les services n\u00e9cessaires \u00e0 vos attentes\u00a0: stationnement des cars en face de l\u2019h\u00f4tel, parking \u00e0 proximit\u00e9, r\u00e9ception 24h\/24, [&hellip;]<\/p>\n","protected":false},"author":5,"featured_media":0,"parent":0,"menu_order":0,"comment_status":"closed","ping_status":"closed","template":"","meta":{"inline_featured_image":false,"footnotes":""},"class_list":["post-183","page","type-page","status-publish","hentry"],"_links":{"self":[{"href":"https:\/\/www.hotel-des-quatrans.com\/en\/wp-json\/wp\/v2\/pages\/183","targetHints":{"allow":["GET"]}}],"collection":[{"href":"https:\/\/www.hotel-des-quatrans.com\/en\/wp-json\/wp\/v2\/pages"}],"about":[{"href":"https:\/\/www.hotel-des-quatrans.com\/en\/wp-json\/wp\/v2\/types\/page"}],"author":[{"embeddable":true,"href":"https:\/\/www.hotel-des-quatrans.com\/en\/wp-json\/wp\/v2\/users\/5"}],"replies":[{"embeddable":true,"href":"https:\/\/www.hotel-des-quatrans.com\/en\/wp-json\/wp\/v2\/comments?post=183"}],"version-history":[{"count":229,"href":"https:\/\/www.hotel-des-quatrans.com\/en\/wp-json\/wp\/v2\/pages\/183\/revisions"}],"predecessor-version":[{"id":4312,"href":"https:\/\/www.hotel-des-quatrans.com\/en\/wp-json\/wp\/v2\/pages\/183\/revisions\/4312"}],"wp:attachment":[{"href":"https:\/\/www.hotel-des-quatrans.com\/en\/wp-json\/wp\/v2\/media?parent=183"}],"curies":[{"name":"wp","href":"https:\/\/api.w.org\/{rel}","templated":true}]}}