{"id":185,"date":"2022-10-05T10:48:46","date_gmt":"2022-10-05T08:48:46","guid":{"rendered":"https:\/\/www.hotel-des-quatrans.com\/?page_id=185"},"modified":"2024-05-29T21:52:29","modified_gmt":"2024-05-29T19:52:29","slug":"caen-tourism","status":"publish","type":"page","link":"https:\/\/www.hotel-des-quatrans.com\/en\/caen-tourisme\/","title":{"rendered":"Caen Tourism"},"content":{"rendered":"<div data-elementor-type=\"wp-page\" data-elementor-id=\"185\" class=\"elementor elementor-185\" data-elementor-post-type=\"page\">\n\t\t\t\t\t\t<section class=\"elementor-section elementor-top-section elementor-element elementor-element-e801f16 elementor-section-full_width elementor-section-height-default elementor-section-height-default\" data-id=\"e801f16\" data-element_type=\"section\" data-e-type=\"section\" data-settings=\"{&quot;background_background&quot;:&quot;classic&quot;}\">\n\t\t\t\t\t\t<div class=\"elementor-container elementor-column-gap-default\">\n\t\t\t\t\t<div class=\"elementor-column elementor-col-100 elementor-top-column elementor-element elementor-element-72616c0\" data-id=\"72616c0\" data-element_type=\"column\" data-e-type=\"column\" data-settings=\"{&quot;background_background&quot;:&quot;classic&quot;}\">\n\t\t\t<div class=\"elementor-widget-wrap elementor-element-populated\">\n\t\t\t\t\t\t<section class=\"elementor-section elementor-inner-section elementor-element elementor-element-d7b93b2 elementor-section-full_width elementor-section-height-min-height elementor-section-height-default\" data-id=\"d7b93b2\" data-element_type=\"section\" data-e-type=\"section\" data-settings=\"{&quot;background_background&quot;:&quot;classic&quot;}\">\n\t\t\t\t\t\t<div class=\"elementor-container elementor-column-gap-default\">\n\t\t\t\t\t<div class=\"elementor-column elementor-col-50 elementor-inner-column elementor-element elementor-element-4af948e header-2col-1\" data-id=\"4af948e\" data-element_type=\"column\" data-e-type=\"column\" data-settings=\"{&quot;background_background&quot;:&quot;classic&quot;}\">\n\t\t\t<div class=\"elementor-widget-wrap elementor-element-populated\">\n\t\t\t\t\t<div class=\"elementor-background-overlay\"><\/div>\n\t\t\t\t\t\t<div class=\"elementor-element elementor-element-3ca192f elementor-widget elementor-widget-heading\" data-id=\"3ca192f\" data-element_type=\"widget\" data-e-type=\"widget\" data-widget_type=\"heading.default\">\n\t\t\t\t<div class=\"elementor-widget-container\">\n\t\t\t\t\t<h1 class=\"elementor-heading-title elementor-size-default\">Tourism<\/h1>\t\t\t\t<\/div>\n\t\t\t\t<\/div>\n\t\t\t\t\t<\/div>\n\t\t<\/div>\n\t\t\t\t<div class=\"elementor-column elementor-col-50 elementor-inner-column elementor-element elementor-element-2b8db92\" data-id=\"2b8db92\" data-element_type=\"column\" data-e-type=\"column\" data-settings=\"{&quot;background_background&quot;:&quot;classic&quot;}\">\n\t\t\t<div class=\"elementor-widget-wrap elementor-element-populated\">\n\t\t\t\t\t<div class=\"elementor-background-overlay\"><\/div>\n\t\t\t\t\t\t<div class=\"elementor-element elementor-element-87aa9ed elementor-widget__width-initial elementor-widget elementor-widget-text-editor\" data-id=\"87aa9ed\" data-element_type=\"widget\" data-e-type=\"widget\" data-widget_type=\"text-editor.default\">\n\t\t\t\t<div class=\"elementor-widget-container\">\n\t\t\t\t\t\t\t\t\t<p>Paris is 2 hours away, and the beaches 10 minutes! Welcome to <strong>Caen<\/strong>the city of a hundred steeples... and a thousand facets. Our hotel is <strong>located at the heart<\/strong> You'll be staying at the foot of one of Europe's largest medieval city walls, the Ch\u00e2teau de Guillaume le Conqu\u00e9rant, just a few kilometres from the D-Day landing beaches. You'll be staying at the foot of one of Europe's largest medieval city walls, the Castle of William the Conqueror, just a few kilometres from the D-Day landing beaches. Discover the riches of tourism in Caen.<\/p><p><a href=\"https:\/\/www.caenlamer-tourisme.fr\/\" rel=\"nofollow noopener\" target=\"_blank\">Link to the Caen Tourist Office<\/a><\/p>\t\t\t\t\t\t\t\t<\/div>\n\t\t\t\t<\/div>\n\t\t\t\t\t<\/div>\n\t\t<\/div>\n\t\t\t\t\t<\/div>\n\t\t<\/section>\n\t\t\t\t<div class=\"elementor-element elementor-element-a8b0dc5 elementor-absolute elementor-view-default elementor-widget elementor-widget-icon\" data-id=\"a8b0dc5\" data-element_type=\"widget\" data-e-type=\"widget\" data-settings=\"{&quot;_position&quot;:&quot;absolute&quot;}\" data-widget_type=\"icon.default\">\n\t\t\t\t<div class=\"elementor-widget-container\">\n\t\t\t\t\t\t\t<div class=\"elementor-icon-wrapper\">\n\t\t\t<a class=\"elementor-icon\" href=\"#next\">\n\t\t\t<svg xmlns=\"http:\/\/www.w3.org\/2000\/svg\" id=\"Composant_20_1\" data-name=\"Composant 20 &#x2013; 1\" width=\"30\" height=\"30\" viewbox=\"0 0 30 30\"><rect id=\"Rectangle_665\" data-name=\"Rectangle 665\" width=\"28\" height=\"28\" rx=\"3\" transform=\"translate(1 1)\" fill=\"#383838\" opacity=\"0.405\" style=\"mix-blend-mode: multiply;isolation: isolate\"><\/rect><g id=\"Case_:_Validation\" data-name=\"Case : Validation\"><g id=\"Rectangle_660\" data-name=\"Rectangle 660\" fill=\"none\" stroke=\"#fff\" stroke-width=\"1\"><rect width=\"30\" height=\"30\" rx=\"4\" stroke=\"none\"><\/rect><rect x=\"0.5\" y=\"0.5\" width=\"29\" height=\"29\" rx=\"3.5\" fill=\"none\"><\/rect><\/g><\/g><g id=\"Fleche_:_Bas\" data-name=\"Fleche : Bas\" transform=\"translate(7 7)\"><path id=\"Trac&#xE9;_10\" data-name=\"Trac&#xE9; 10\" d=\"M8,0,6.545,1.455l5.506,5.506H0V9.039H12.052L6.545,14.545,8,16l8-8Z\" transform=\"translate(16) rotate(90)\" fill=\"#fff\"><\/path><\/g><\/svg>\t\t\t<\/a>\n\t\t<\/div>\n\t\t\t\t\t\t<\/div>\n\t\t\t\t<\/div>\n\t\t\t\t\t<\/div>\n\t\t<\/div>\n\t\t\t\t\t<\/div>\n\t\t<\/section>\n\t\t\t\t<section class=\"elementor-section elementor-top-section elementor-element elementor-element-712c5f3 elementor-section-full_width elementor-section-height-min-height elementor-section-items-stretch elementor-section-height-default\" data-id=\"712c5f3\" data-element_type=\"section\" data-e-type=\"section\" data-settings=\"{&quot;background_background&quot;:&quot;gradient&quot;}\">\n\t\t\t\t\t\t\t<div class=\"elementor-background-overlay\"><\/div>\n\t\t\t\t\t\t\t<div class=\"elementor-container elementor-column-gap-default\">\n\t\t\t\t\t<div class=\"elementor-column elementor-col-100 elementor-top-column elementor-element elementor-element-378f082\" data-id=\"378f082\" data-element_type=\"column\" data-e-type=\"column\" data-settings=\"{&quot;background_background&quot;:&quot;classic&quot;}\">\n\t\t\t<div class=\"elementor-widget-wrap elementor-element-populated\">\n\t\t\t\t\t\t<div class=\"elementor-element elementor-element-4d5d961 elementor-widget elementor-widget-image\" data-id=\"4d5d961\" data-element_type=\"widget\" data-e-type=\"widget\" data-widget_type=\"image.default\">\n\t\t\t\t<div class=\"elementor-widget-container\">\n\t\t\t\t\t\t\t\t\t\t\t\t\t\t\t<img decoding=\"async\" width=\"63\" height=\"13\" src=\"https:\/\/www.hotel-des-quatrans.com\/wp-content\/uploads\/2022\/10\/icon-small-white.svg\" class=\"attachment-full size-full wp-image-250\" alt=\"\" title=\"Photo -\">\t\t\t\t\t\t\t\t\t\t\t\t\t\t\t<\/div>\n\t\t\t\t<\/div>\n\t\t\t\t<div class=\"elementor-element elementor-element-95c883d elementor-widget elementor-widget-menu-anchor\" data-id=\"95c883d\" data-element_type=\"widget\" data-e-type=\"widget\" data-widget_type=\"menu-anchor.default\">\n\t\t\t\t<div class=\"elementor-widget-container\">\n\t\t\t\t\t\t\t<div class=\"elementor-menu-anchor\" id=\"next\"><\/div>\n\t\t\t\t\t\t<\/div>\n\t\t\t\t<\/div>\n\t\t\t\t\t<\/div>\n\t\t<\/div>\n\t\t\t\t\t<\/div>\n\t\t<\/section>\n\t\t\t\t<section class=\"elementor-section elementor-top-section elementor-element elementor-element-d5c124c elementor-section-full_width elementor-section-height-default elementor-section-height-default\" data-id=\"d5c124c\" data-element_type=\"section\" data-e-type=\"section\">\n\t\t\t\t\t\t<div class=\"elementor-container elementor-column-gap-default\">\n\t\t\t\t\t<div class=\"elementor-column elementor-col-100 elementor-top-column elementor-element elementor-element-b783ba4\" data-id=\"b783ba4\" data-element_type=\"column\" data-e-type=\"column\">\n\t\t\t<div class=\"elementor-widget-wrap elementor-element-populated\">\n\t\t\t\t\t\t<div class=\"elementor-element elementor-element-bd54581 elementor-widget elementor-widget-template\" data-id=\"bd54581\" data-element_type=\"widget\" data-e-type=\"widget\" data-widget_type=\"template.default\">\n\t\t\t\t<div class=\"elementor-widget-container\">\n\t\t\t\t\t\t\t<div class=\"elementor-template\">\n\t\t\t\t\t<div data-elementor-type=\"section\" data-elementor-id=\"2380\" class=\"elementor elementor-2380\" data-elementor-post-type=\"elementor_library\">\n\t\t\t\t\t<section class=\"elementor-section elementor-top-section elementor-element elementor-element-50d534c6 elementor-section-full_width elementor-section-height-default elementor-section-height-default\" data-id=\"50d534c6\" data-element_type=\"section\" data-e-type=\"section\" data-settings=\"{&quot;background_background&quot;:&quot;classic&quot;}\">\n\t\t\t\t\t\t\t<div class=\"elementor-background-overlay\"><\/div>\n\t\t\t\t\t\t\t<div class=\"elementor-container elementor-column-gap-default\">\n\t\t\t\t\t<div class=\"elementor-column elementor-col-100 elementor-top-column elementor-element elementor-element-164eb727\" data-id=\"164eb727\" data-element_type=\"column\" data-e-type=\"column\" data-settings=\"{&quot;background_background&quot;:&quot;classic&quot;}\">\n\t\t\t<div class=\"elementor-widget-wrap elementor-element-populated\">\n\t\t\t\t\t\t<section class=\"elementor-section elementor-inner-section elementor-element elementor-element-28785933 elementor-section-full_width sect-tourisme elementor-section-height-default elementor-section-height-default\" data-id=\"28785933\" data-element_type=\"section\" data-e-type=\"section\">\n\t\t\t\t\t\t<div class=\"elementor-container elementor-column-gap-default\">\n\t\t\t\t\t<div class=\"elementor-column elementor-col-100 elementor-inner-column elementor-element elementor-element-3998e567\" data-id=\"3998e567\" data-element_type=\"column\" data-e-type=\"column\" data-settings=\"{&quot;background_background&quot;:&quot;classic&quot;}\">\n\t\t\t<div class=\"elementor-widget-wrap elementor-element-populated\">\n\t\t\t\t\t\t<div class=\"elementor-element elementor-element-2501e390 elementor-cta--skin-cover cta-shadow elementor-widget__width-initial dc-has-condition dc-condition-equal elementor-widget elementor-widget-call-to-action\" data-id=\"2501e390\" data-element_type=\"widget\" data-e-type=\"widget\" data-widget_type=\"call-to-action.default\">\n\t\t\t\t<div class=\"elementor-widget-container\">\n\t\t\t\t\t\t\t<div class=\"elementor-cta\">\n\t\t\t\t\t<div class=\"elementor-cta__bg-wrapper\">\n\t\t\t\t<div class=\"elementor-cta__bg elementor-bg\" style=\"background-image: url(https:\/\/www.hotel-des-quatrans.com\/wp-content\/uploads\/2022\/10\/memorial-de-caen-1.jpg);\" role=\"img\" aria-label=\"memorial-de-caen-1\"><\/div>\n\t\t\t\t<div class=\"elementor-cta__bg-overlay\"><\/div>\n\t\t\t<\/div>\n\t\t\t\t\t\t\t<div class=\"elementor-cta__content\">\n\t\t\t\t\n\t\t\t\t\t\t\t\t\t<h2 class=\"elementor-cta__title elementor-cta__content-item elementor-content-item\">\n\t\t\t\t\t\tCaen Memorial\t\t\t\t\t<\/h2>\n\t\t\t\t\n\t\t\t\t\n\t\t\t\t\t\t\t\t\t<div class=\"elementor-cta__button-wrapper elementor-cta__content-item elementor-content-item\">\n\t\t\t\t\t<a class=\"elementor-cta__button elementor-button elementor-size-\" href=\"https:\/\/www.hotel-des-quatrans.com\/en\/caen-tourisme\/memorial-de-caen\/\">\n\t\t\t\t\t\tDiscover\t\t\t\t\t<\/a>\n\t\t\t\t\t<\/div>\n\t\t\t\t\t\t\t<\/div>\n\t\t\t\t\t\t<\/div>\n\t\t\t\t\t\t<\/div>\n\t\t\t\t<\/div>\n\t\t\t\t<div class=\"elementor-element elementor-element-d12d7f2 elementor-cta--skin-cover cta-shadow elementor-widget__width-initial dc-has-condition dc-condition-equal elementor-widget elementor-widget-call-to-action\" data-id=\"d12d7f2\" data-element_type=\"widget\" data-e-type=\"widget\" data-widget_type=\"call-to-action.default\">\n\t\t\t\t<div class=\"elementor-widget-container\">\n\t\t\t\t\t\t\t<div class=\"elementor-cta\">\n\t\t\t\t\t<div class=\"elementor-cta__bg-wrapper\">\n\t\t\t\t<div class=\"elementor-cta__bg elementor-bg\" style=\"background-image: url(https:\/\/www.hotel-des-quatrans.com\/wp-content\/uploads\/2022\/10\/iStock-1395328249-1024x683.jpg);\" role=\"img\" aria-label=\"Chateau de Caen is a castle in the Norman city of Caen, Normandy, France\"><\/div>\n\t\t\t\t<div class=\"elementor-cta__bg-overlay\"><\/div>\n\t\t\t<\/div>\n\t\t\t\t\t\t\t<div class=\"elementor-cta__content\">\n\t\t\t\t\n\t\t\t\t\t\t\t\t\t<h2 class=\"elementor-cta__title elementor-cta__content-item elementor-content-item\">\n\t\t\t\t\t\tCaen Castle\t\t\t\t\t<\/h2>\n\t\t\t\t\n\t\t\t\t\n\t\t\t\t\t\t\t\t\t<div class=\"elementor-cta__button-wrapper elementor-cta__content-item elementor-content-item\">\n\t\t\t\t\t<a class=\"elementor-cta__button elementor-button elementor-size-\" href=\"https:\/\/www.hotel-des-quatrans.com\/en\/caen-tourisme\/chateau-quatrans-caen\/\">\n\t\t\t\t\t\tDiscover\t\t\t\t\t<\/a>\n\t\t\t\t\t<\/div>\n\t\t\t\t\t\t\t<\/div>\n\t\t\t\t\t\t<\/div>\n\t\t\t\t\t\t<\/div>\n\t\t\t\t<\/div>\n\t\t\t\t<div class=\"elementor-element elementor-element-379adc35 elementor-cta--skin-cover cta-shadow elementor-widget__width-initial dc-has-condition dc-condition-equal elementor-widget elementor-widget-call-to-action\" data-id=\"379adc35\" data-element_type=\"widget\" data-e-type=\"widget\" data-widget_type=\"call-to-action.default\">\n\t\t\t\t<div class=\"elementor-widget-container\">\n\t\t\t\t\t\t\t<div class=\"elementor-cta\">\n\t\t\t\t\t<div class=\"elementor-cta__bg-wrapper\">\n\t\t\t\t<div class=\"elementor-cta__bg elementor-bg\" style=\"background-image: url(https:\/\/www.hotel-des-quatrans.com\/wp-content\/uploads\/2022\/12\/iStock-1169321885-1024x683.jpg);\" role=\"img\" aria-label=\"Church of Saint-Pierre in Caen, Normandy\"><\/div>\n\t\t\t\t<div class=\"elementor-cta__bg-overlay\"><\/div>\n\t\t\t<\/div>\n\t\t\t\t\t\t\t<div class=\"elementor-cta__content\">\n\t\t\t\t\n\t\t\t\t\t\t\t\t\t<h2 class=\"elementor-cta__title elementor-cta__content-item elementor-content-item\">\n\t\t\t\t\t\tbayeux\t\t\t\t\t<\/h2>\n\t\t\t\t\n\t\t\t\t\n\t\t\t\t\t\t\t\t\t<div class=\"elementor-cta__button-wrapper elementor-cta__content-item elementor-content-item\">\n\t\t\t\t\t<a class=\"elementor-cta__button elementor-button elementor-size-\" href=\"https:\/\/www.hotel-des-quatrans.com\/en\/caen-tourisme\/hotel-a-proximite-de-caen\/\">\n\t\t\t\t\t\tDiscover\t\t\t\t\t<\/a>\n\t\t\t\t\t<\/div>\n\t\t\t\t\t\t\t<\/div>\n\t\t\t\t\t\t<\/div>\n\t\t\t\t\t\t<\/div>\n\t\t\t\t<\/div>\n\t\t\t\t<div class=\"elementor-element elementor-element-2ce91184 elementor-cta--skin-cover elementor-cta--valign-middle cta-shadow elementor-widget__width-initial dc-has-condition dc-condition-equal elementor-widget elementor-widget-call-to-action\" data-id=\"2ce91184\" data-element_type=\"widget\" data-e-type=\"widget\" data-widget_type=\"call-to-action.default\">\n\t\t\t\t<div class=\"elementor-widget-container\">\n\t\t\t\t\t\t\t<div class=\"elementor-cta\">\n\t\t\t\t\t<div class=\"elementor-cta__bg-wrapper\">\n\t\t\t\t<div class=\"elementor-cta__bg elementor-bg\" style=\"background-image: url(https:\/\/www.hotel-des-quatrans.com\/wp-content\/uploads\/2022\/10\/iStock-690882108-1024x683.jpg);\" role=\"img\" aria-label=\"Omaha Beach was the code name for one of the five sectors of the Allied invasion of German-occupied France in the Normandy landings on 6 June 1944, during World War II.\"><\/div>\n\t\t\t\t<div class=\"elementor-cta__bg-overlay\"><\/div>\n\t\t\t<\/div>\n\t\t\t\t\t\t\t<div class=\"elementor-cta__content\">\n\t\t\t\t\n\t\t\t\t\t\t\t\t\t<h2 class=\"elementor-cta__title elementor-cta__content-item elementor-content-item\">\n\t\t\t\t\t\tlanding beaches\t\t\t\t\t<\/h2>\n\t\t\t\t\n\t\t\t\t\n\t\t\t\t\t\t\t\t\t<div class=\"elementor-cta__button-wrapper elementor-cta__content-item elementor-content-item\">\n\t\t\t\t\t<a class=\"elementor-cta__button elementor-button elementor-size-\" href=\"https:\/\/www.hotel-des-quatrans.com\/en\/caen-tourisme\/plage-du-debarquement-caen\/\">\n\t\t\t\t\t\tDiscover\t\t\t\t\t<\/a>\n\t\t\t\t\t<\/div>\n\t\t\t\t\t\t\t<\/div>\n\t\t\t\t\t\t<\/div>\n\t\t\t\t\t\t<\/div>\n\t\t\t\t<\/div>\n\t\t<!-- hidden widget 185-3f7d9aa5 -->\t\t\t<\/div>\n\t\t<\/div>\n\t\t\t\t\t<\/div>\n\t\t<\/section>\n\t\t\t\t\t<\/div>\n\t\t<\/div>\n\t\t\t\t\t<\/div>\n\t\t<\/section>\n\t\t\t\t<\/div>\n\t\t\t\t<\/div>\n\t\t\t\t\t\t<\/div>\n\t\t\t\t<\/div>\n\t\t\t\t\t<\/div>\n\t\t<\/div>\n\t\t\t\t\t<\/div>\n\t\t<\/section>\n\t\t\t\t<\/div>","protected":false},"excerpt":{"rendered":"<p>Tourisme Paris est \u00e0 2h, les plages \u00e0 10 minutes ! Bienvenue \u00e0 Caen, la ville aux cent clochers\u2026 et aux mille facettes. Notre h\u00f4tel est implant\u00e9 au c\u0153ur m\u00eame de quelques-uns des plus beaux exemples de ces multiples atouts qui font de Caen un p\u00f4le d\u2019attraction du tourisme, en France comme \u00e0 l\u2019\u00e9tranger. Vous [&hellip;]<\/p>\n","protected":false},"author":5,"featured_media":0,"parent":0,"menu_order":0,"comment_status":"closed","ping_status":"closed","template":"","meta":{"inline_featured_image":false,"footnotes":""},"class_list":["post-185","page","type-page","status-publish","hentry"],"_links":{"self":[{"href":"https:\/\/www.hotel-des-quatrans.com\/en\/wp-json\/wp\/v2\/pages\/185","targetHints":{"allow":["GET"]}}],"collection":[{"href":"https:\/\/www.hotel-des-quatrans.com\/en\/wp-json\/wp\/v2\/pages"}],"about":[{"href":"https:\/\/www.hotel-des-quatrans.com\/en\/wp-json\/wp\/v2\/types\/page"}],"author":[{"embeddable":true,"href":"https:\/\/www.hotel-des-quatrans.com\/en\/wp-json\/wp\/v2\/users\/5"}],"replies":[{"embeddable":true,"href":"https:\/\/www.hotel-des-quatrans.com\/en\/wp-json\/wp\/v2\/comments?post=185"}],"version-history":[{"count":282,"href":"https:\/\/www.hotel-des-quatrans.com\/en\/wp-json\/wp\/v2\/pages\/185\/revisions"}],"predecessor-version":[{"id":4338,"href":"https:\/\/www.hotel-des-quatrans.com\/en\/wp-json\/wp\/v2\/pages\/185\/revisions\/4338"}],"wp:attachment":[{"href":"https:\/\/www.hotel-des-quatrans.com\/en\/wp-json\/wp\/v2\/media?parent=185"}],"curies":[{"name":"wp","href":"https:\/\/api.w.org\/{rel}","templated":true}]}}